{"id":1296,"date":"2026-03-13T01:16:26","date_gmt":"2026-03-13T01:16:26","guid":{"rendered":"https:\/\/annatorello.com\/contacto\/"},"modified":"2026-04-16T11:46:38","modified_gmt":"2026-04-16T11:46:38","slug":"contacto","status":"publish","type":"page","link":"https:\/\/annatorello.com\/es\/contacto\/","title":{"rendered":"Contacto"},"content":{"rendered":"\t\t<div data-elementor-type=\"wp-page\" data-elementor-id=\"1296\" class=\"elementor elementor-1296 elementor-327\" data-elementor-post-type=\"page\">\n\t\t\t\t<div class=\"elementor-element elementor-element-6494023 e-con-full e-flex e-con e-child\" data-id=\"6494023\" data-element_type=\"container\" data-e-type=\"container\" data-settings=\"{&quot;background_background&quot;:&quot;classic&quot;}\">\n\t\t\t\t<div class=\"elementor-element elementor-element-dcaa386 elementor-widget__width-initial elementor-widget-mobile__width-initial elementor-invisible elementor-widget elementor-widget-text-editor\" data-id=\"dcaa386\" data-element_type=\"widget\" data-e-type=\"widget\" data-settings=\"{&quot;_animation&quot;:&quot;fadeIn&quot;}\" data-widget_type=\"text-editor.default\">\n\t\t\t\t\t\t\t\t\t<p>Para m\u00e1s informaci\u00f3n:<br>thehappyavocadooo@gmail.com<br>llama o env\u00eda un mensaje al<\/p><p><a href=\"tel:711%20271%20721\">711 271 721<\/a><\/p>\t\t\t\t\t\t\t\t<\/div>\n\t\t\t\t<div class=\"elementor-element elementor-element-86d969f elementor-widget__width-initial elementor-invisible elementor-widget elementor-widget-text-editor\" data-id=\"86d969f\" data-element_type=\"widget\" data-e-type=\"widget\" data-settings=\"{&quot;_animation&quot;:&quot;fadeIn&quot;}\" data-widget_type=\"text-editor.default\">\n\t\t\t\t\t\t\t\t\t<p>Tambi\u00e9n me puedes encontrar en: Rambla Xavier Cugat n.\u00ba 27 bis (Girona, 17007)<\/p>\t\t\t\t\t\t\t\t<\/div>\n\t\t\t\t<div class=\"elementor-element elementor-element-a966f1a elementor-align-center elementor-invisible elementor-widget elementor-widget-button\" data-id=\"a966f1a\" data-element_type=\"widget\" data-e-type=\"widget\" data-settings=\"{&quot;_animation&quot;:&quot;fadeIn&quot;}\" data-widget_type=\"button.default\">\n\t\t\t\t\t\t\t\t\t\t<a class=\"elementor-button elementor-button-link elementor-size-sm\" href=\"mailto:thehappyavocadooo@gmail.com\" target=\"_blank\">\n\t\t\t\t\t\t<span class=\"elementor-button-content-wrapper\">\n\t\t\t\t\t\t\t\t\t<span class=\"elementor-button-text\">Enviar correo<\/span>\n\t\t\t\t\t<\/span>\n\t\t\t\t\t<\/a>\n\t\t\t\t\t\t\t\t<\/div>\n\t\t\t\t<\/div>\n\t\t\t\t<\/div>\n\t\t","protected":false},"excerpt":{"rendered":"<p>Para m\u00e1s informaci\u00f3n:thehappyavocadooo@gmail.comllama o env\u00eda un mensaje al 711 271 721 Tambi\u00e9n me puedes encontrar en: Rambla Xavier Cugat n.\u00ba 27 bis (Girona, 17007) Enviar correo<\/p>\n","protected":false},"author":1,"featured_media":0,"parent":0,"menu_order":0,"comment_status":"closed","ping_status":"closed","template":"","meta":{"footnotes":""},"class_list":["post-1296","page","type-page","status-publish","hentry"],"yoast_head":"<!-- This site is optimized with the Yoast SEO plugin v27.4 - https:\/\/yoast.com\/product\/yoast-seo-wordpress\/ -->\n<title>Contacto - The Happy Avocado<\/title>\n<meta name=\"robots\" content=\"index, follow, max-snippet:-1, max-image-preview:large, max-video-preview:-1\" \/>\n<link rel=\"canonical\" href=\"https:\/\/annatorello.com\/es\/contacto\/\" \/>\n<meta property=\"og:locale\" content=\"es_ES\" \/>\n<meta property=\"og:type\" content=\"article\" \/>\n<meta property=\"og:title\" content=\"Contacto - The Happy Avocado\" \/>\n<meta property=\"og:description\" content=\"Para m\u00e1s informaci\u00f3n:thehappyavocadooo@gmail.comllama o env\u00eda un mensaje al 711 271 721 Tambi\u00e9n me puedes encontrar en: Rambla Xavier Cugat n.\u00ba 27 bis (Girona, 17007) Enviar correo\" \/>\n<meta property=\"og:url\" content=\"https:\/\/annatorello.com\/es\/contacto\/\" \/>\n<meta property=\"og:site_name\" content=\"The Happy Avocado\" \/>\n<meta property=\"article:modified_time\" content=\"2026-04-16T11:46:38+00:00\" \/>\n<meta name=\"twitter:card\" content=\"summary_large_image\" \/>\n<script type=\"application\/ld+json\" class=\"yoast-schema-graph\">{\"@context\":\"https:\\\/\\\/schema.org\",\"@graph\":[{\"@type\":\"WebPage\",\"@id\":\"https:\\\/\\\/annatorello.com\\\/es\\\/contacto\\\/\",\"url\":\"https:\\\/\\\/annatorello.com\\\/es\\\/contacto\\\/\",\"name\":\"Contacto - The Happy Avocado\",\"isPartOf\":{\"@id\":\"https:\\\/\\\/annatorello.com\\\/es\\\/#website\"},\"datePublished\":\"2026-03-13T01:16:26+00:00\",\"dateModified\":\"2026-04-16T11:46:38+00:00\",\"breadcrumb\":{\"@id\":\"https:\\\/\\\/annatorello.com\\\/es\\\/contacto\\\/#breadcrumb\"},\"inLanguage\":\"es\",\"potentialAction\":[{\"@type\":\"ReadAction\",\"target\":[\"https:\\\/\\\/annatorello.com\\\/es\\\/contacto\\\/\"]}]},{\"@type\":\"BreadcrumbList\",\"@id\":\"https:\\\/\\\/annatorello.com\\\/es\\\/contacto\\\/#breadcrumb\",\"itemListElement\":[{\"@type\":\"ListItem\",\"position\":1,\"name\":\"Home\",\"item\":\"https:\\\/\\\/annatorello.com\\\/es\\\/home\\\/\"},{\"@type\":\"ListItem\",\"position\":2,\"name\":\"Contacto\"}]},{\"@type\":\"WebSite\",\"@id\":\"https:\\\/\\\/annatorello.com\\\/es\\\/#website\",\"url\":\"https:\\\/\\\/annatorello.com\\\/es\\\/\",\"name\":\"The Happy Avocado\",\"description\":\"\",\"publisher\":{\"@id\":\"https:\\\/\\\/annatorello.com\\\/es\\\/#organization\"},\"potentialAction\":[{\"@type\":\"SearchAction\",\"target\":{\"@type\":\"EntryPoint\",\"urlTemplate\":\"https:\\\/\\\/annatorello.com\\\/es\\\/?s={search_term_string}\"},\"query-input\":{\"@type\":\"PropertyValueSpecification\",\"valueRequired\":true,\"valueName\":\"search_term_string\"}}],\"inLanguage\":\"es\"},{\"@type\":\"Organization\",\"@id\":\"https:\\\/\\\/annatorello.com\\\/es\\\/#organization\",\"name\":\"The Happy Avocado\",\"url\":\"https:\\\/\\\/annatorello.com\\\/es\\\/\",\"logo\":{\"@type\":\"ImageObject\",\"inLanguage\":\"es\",\"@id\":\"https:\\\/\\\/annatorello.com\\\/es\\\/#\\\/schema\\\/logo\\\/image\\\/\",\"url\":\"https:\\\/\\\/annatorello.com\\\/wp-content\\\/uploads\\\/2026\\\/03\\\/Anna-Torello.svg\",\"contentUrl\":\"https:\\\/\\\/annatorello.com\\\/wp-content\\\/uploads\\\/2026\\\/03\\\/Anna-Torello.svg\",\"width\":126,\"height\":15,\"caption\":\"The Happy Avocado\"},\"image\":{\"@id\":\"https:\\\/\\\/annatorello.com\\\/es\\\/#\\\/schema\\\/logo\\\/image\\\/\"}}]}<\/script>\n<!-- \/ Yoast SEO plugin. -->","yoast_head_json":{"title":"Contacto - The Happy Avocado","robots":{"index":"index","follow":"follow","max-snippet":"max-snippet:-1","max-image-preview":"max-image-preview:large","max-video-preview":"max-video-preview:-1"},"canonical":"https:\/\/annatorello.com\/es\/contacto\/","og_locale":"es_ES","og_type":"article","og_title":"Contacto - The Happy Avocado","og_description":"Para m\u00e1s informaci\u00f3n:thehappyavocadooo@gmail.comllama o env\u00eda un mensaje al 711 271 721 Tambi\u00e9n me puedes encontrar en: Rambla Xavier Cugat n.\u00ba 27 bis (Girona, 17007) Enviar correo","og_url":"https:\/\/annatorello.com\/es\/contacto\/","og_site_name":"The Happy Avocado","article_modified_time":"2026-04-16T11:46:38+00:00","twitter_card":"summary_large_image","schema":{"@context":"https:\/\/schema.org","@graph":[{"@type":"WebPage","@id":"https:\/\/annatorello.com\/es\/contacto\/","url":"https:\/\/annatorello.com\/es\/contacto\/","name":"Contacto - The Happy Avocado","isPartOf":{"@id":"https:\/\/annatorello.com\/es\/#website"},"datePublished":"2026-03-13T01:16:26+00:00","dateModified":"2026-04-16T11:46:38+00:00","breadcrumb":{"@id":"https:\/\/annatorello.com\/es\/contacto\/#breadcrumb"},"inLanguage":"es","potentialAction":[{"@type":"ReadAction","target":["https:\/\/annatorello.com\/es\/contacto\/"]}]},{"@type":"BreadcrumbList","@id":"https:\/\/annatorello.com\/es\/contacto\/#breadcrumb","itemListElement":[{"@type":"ListItem","position":1,"name":"Home","item":"https:\/\/annatorello.com\/es\/home\/"},{"@type":"ListItem","position":2,"name":"Contacto"}]},{"@type":"WebSite","@id":"https:\/\/annatorello.com\/es\/#website","url":"https:\/\/annatorello.com\/es\/","name":"The Happy Avocado","description":"","publisher":{"@id":"https:\/\/annatorello.com\/es\/#organization"},"potentialAction":[{"@type":"SearchAction","target":{"@type":"EntryPoint","urlTemplate":"https:\/\/annatorello.com\/es\/?s={search_term_string}"},"query-input":{"@type":"PropertyValueSpecification","valueRequired":true,"valueName":"search_term_string"}}],"inLanguage":"es"},{"@type":"Organization","@id":"https:\/\/annatorello.com\/es\/#organization","name":"The Happy Avocado","url":"https:\/\/annatorello.com\/es\/","logo":{"@type":"ImageObject","inLanguage":"es","@id":"https:\/\/annatorello.com\/es\/#\/schema\/logo\/image\/","url":"https:\/\/annatorello.com\/wp-content\/uploads\/2026\/03\/Anna-Torello.svg","contentUrl":"https:\/\/annatorello.com\/wp-content\/uploads\/2026\/03\/Anna-Torello.svg","width":126,"height":15,"caption":"The Happy Avocado"},"image":{"@id":"https:\/\/annatorello.com\/es\/#\/schema\/logo\/image\/"}}]}},"_links":{"self":[{"href":"https:\/\/annatorello.com\/es\/wp-json\/wp\/v2\/pages\/1296","targetHints":{"allow":["GET"]}}],"collection":[{"href":"https:\/\/annatorello.com\/es\/wp-json\/wp\/v2\/pages"}],"about":[{"href":"https:\/\/annatorello.com\/es\/wp-json\/wp\/v2\/types\/page"}],"author":[{"embeddable":true,"href":"https:\/\/annatorello.com\/es\/wp-json\/wp\/v2\/users\/1"}],"replies":[{"embeddable":true,"href":"https:\/\/annatorello.com\/es\/wp-json\/wp\/v2\/comments?post=1296"}],"version-history":[{"count":1,"href":"https:\/\/annatorello.com\/es\/wp-json\/wp\/v2\/pages\/1296\/revisions"}],"predecessor-version":[{"id":1297,"href":"https:\/\/annatorello.com\/es\/wp-json\/wp\/v2\/pages\/1296\/revisions\/1297"}],"wp:attachment":[{"href":"https:\/\/annatorello.com\/es\/wp-json\/wp\/v2\/media?parent=1296"}],"curies":[{"name":"wp","href":"https:\/\/api.w.org\/{rel}","templated":true}]}}