{"id":1294,"date":"2026-03-12T05:55:36","date_gmt":"2026-03-12T05:55:36","guid":{"rendered":"https:\/\/annatorello.com\/tarifas-y-packs\/"},"modified":"2026-04-16T11:46:39","modified_gmt":"2026-04-16T11:46:39","slug":"tarifas-y-packs","status":"publish","type":"page","link":"https:\/\/annatorello.com\/es\/tarifas-y-packs\/","title":{"rendered":"Tarifas y packs"},"content":{"rendered":"\t\t<div data-elementor-type=\"wp-page\" data-elementor-id=\"1294\" class=\"elementor elementor-1294 elementor-245\" data-elementor-post-type=\"page\">\n\t\t\t\t<div class=\"elementor-element elementor-element-4e550b9 e-flex e-con-boxed e-con e-parent\" data-id=\"4e550b9\" data-element_type=\"container\" data-e-type=\"container\">\n\t\t\t\t\t<div class=\"e-con-inner\">\n\t\t\t\t<div class=\"elementor-element elementor-element-7a6e8e6 elementor-invisible elementor-widget elementor-widget-heading\" data-id=\"7a6e8e6\" data-element_type=\"widget\" data-e-type=\"widget\" data-settings=\"{&quot;_animation&quot;:&quot;fadeIn&quot;}\" data-widget_type=\"heading.default\">\n\t\t\t\t\t<h2 class=\"elementor-heading-title elementor-size-default\">TARIFAS<\/h2>\t\t\t\t<\/div>\n\t\t\t\t\t<\/div>\n\t\t\t\t<\/div>\n\t\t<div class=\"elementor-element elementor-element-381e740 e-flex e-con-boxed e-con e-parent\" data-id=\"381e740\" data-element_type=\"container\" data-e-type=\"container\" data-settings=\"{&quot;motion_fx_motion_fx_scrolling&quot;:&quot;yes&quot;,&quot;motion_fx_translateY_effect&quot;:&quot;yes&quot;,&quot;motion_fx_translateY_speed&quot;:{&quot;unit&quot;:&quot;px&quot;,&quot;size&quot;:1,&quot;sizes&quot;:[]},&quot;motion_fx_translateY_affectedRange&quot;:{&quot;unit&quot;:&quot;%&quot;,&quot;size&quot;:&quot;&quot;,&quot;sizes&quot;:{&quot;start&quot;:0,&quot;end&quot;:100}},&quot;motion_fx_devices&quot;:[&quot;desktop&quot;,&quot;tablet&quot;,&quot;mobile&quot;]}\">\n\t\t\t\t\t<div class=\"e-con-inner\">\n\t\t<div class=\"elementor-element elementor-element-0cdac78 e-con-full e-flex e-con e-child\" data-id=\"0cdac78\" data-element_type=\"container\" data-e-type=\"container\" data-settings=\"{&quot;background_background&quot;:&quot;classic&quot;}\">\n\t\t\t\t<div class=\"elementor-element elementor-element-7e152cf elementor-widget elementor-widget-heading\" data-id=\"7e152cf\" data-element_type=\"widget\" data-e-type=\"widget\" data-widget_type=\"heading.default\">\n\t\t\t\t\t<h2 class=\"elementor-heading-title elementor-size-default\">Primera visita<\/h2>\t\t\t\t<\/div>\n\t\t\t\t<div class=\"elementor-element elementor-element-5a1945f elementor-widget elementor-widget-text-editor\" data-id=\"5a1945f\" data-element_type=\"widget\" data-e-type=\"widget\" data-widget_type=\"text-editor.default\">\n\t\t\t\t\t\t\t\t\t<div class=\"traductor-textarea form-group\"><div class=\"textarea-desti col-xs-12 col-sm-6\"><div class=\"form-control second-textarea\">La primera visita sirve para conocer tus h\u00e1bitos alimentarios, objetivos, estilo de vida y para medir la composici\u00f3n corporal mediante una b\u00e1scula que calcula el porcentaje de grasa, m\u00fasculo, peso, agua, grasa visceral, etc., as\u00ed como per\u00edmetros con la cinta m\u00e9trica.<\/div><\/div><\/div><div class=\"traductor-checkbox form-group\"><div class=\"row\"><div class=\"col-sm-offset-2 col-sm-5\"> <\/div><\/div><\/div>\t\t\t\t\t\t\t\t<\/div>\n\t\t\t\t<div class=\"elementor-element elementor-element-4b5a254 elementor-widget elementor-widget-text-editor\" data-id=\"4b5a254\" data-element_type=\"widget\" data-e-type=\"widget\" data-widget_type=\"text-editor.default\">\n\t\t\t\t\t\t\t\t\t<div class=\"traductor-textarea form-group\"><div class=\"textarea-desti col-xs-12 col-sm-6\"><div class=\"form-control second-textarea\">Con toda esta informaci\u00f3n preparo el material de manera personalizada: se libra una planificaci\u00f3n semanal adaptada a tus necesidades, esquema de ingesta diaria, organizaci\u00f3n semanal, productos recomendados, documentos de educaci\u00f3n alimentaria y otros materiales seg\u00fan cada caso: informaci\u00f3n sobre intolerancias, recomendaciones de nutrici\u00f3n deportiva, estrategia nutricional para la carrera, recomendaciones para el embarazo\u2026<\/div><\/div><\/div><div class=\"traductor-checkbox form-group\"><div class=\"row\"><div class=\"col-sm-offset-2 col-sm-5\"> <\/div><\/div><\/div>\t\t\t\t\t\t\t\t<\/div>\n\t\t\t\t<div class=\"elementor-element elementor-element-37900e6 elementor-widget elementor-widget-heading\" data-id=\"37900e6\" data-element_type=\"widget\" data-e-type=\"widget\" data-widget_type=\"heading.default\">\n\t\t\t\t\t<h2 class=\"elementor-heading-title elementor-size-default\">1h \/ 80\u20ac<\/h2>\t\t\t\t<\/div>\n\t\t\t\t<div class=\"elementor-element elementor-element-e504f89 elementor-widget elementor-widget-button\" data-id=\"e504f89\" data-element_type=\"widget\" data-e-type=\"widget\" data-widget_type=\"button.default\">\n\t\t\t\t\t\t\t\t\t\t<a class=\"elementor-button elementor-button-link elementor-size-sm\" href=\"https:\/\/annatorello.com\/es\/contacto\/\">\n\t\t\t\t\t\t<span class=\"elementor-button-content-wrapper\">\n\t\t\t\t\t\t\t\t\t<span class=\"elementor-button-text\">Me interesa<\/span>\n\t\t\t\t\t<\/span>\n\t\t\t\t\t<\/a>\n\t\t\t\t\t\t\t\t<\/div>\n\t\t\t\t<\/div>\n\t\t\t\t\t<\/div>\n\t\t\t\t<\/div>\n\t\t<div class=\"elementor-element elementor-element-01b74f5 e-flex e-con-boxed e-con e-parent\" data-id=\"01b74f5\" data-element_type=\"container\" data-e-type=\"container\" data-settings=\"{&quot;motion_fx_motion_fx_scrolling&quot;:&quot;yes&quot;,&quot;motion_fx_translateY_effect&quot;:&quot;yes&quot;,&quot;motion_fx_translateY_speed&quot;:{&quot;unit&quot;:&quot;px&quot;,&quot;size&quot;:1,&quot;sizes&quot;:[]},&quot;motion_fx_translateY_affectedRange&quot;:{&quot;unit&quot;:&quot;%&quot;,&quot;size&quot;:&quot;&quot;,&quot;sizes&quot;:{&quot;start&quot;:0,&quot;end&quot;:100}},&quot;motion_fx_devices&quot;:[&quot;desktop&quot;,&quot;tablet&quot;,&quot;mobile&quot;]}\">\n\t\t\t\t\t<div class=\"e-con-inner\">\n\t\t<div class=\"elementor-element elementor-element-d20976b e-con-full elementor-hidden-mobile e-flex e-con e-child\" data-id=\"d20976b\" data-element_type=\"container\" data-e-type=\"container\" data-settings=\"{&quot;background_background&quot;:&quot;classic&quot;}\">\n\t\t\t\t<div class=\"elementor-element elementor-element-96fbfab elementor-widget elementor-widget-heading\" data-id=\"96fbfab\" data-element_type=\"widget\" data-e-type=\"widget\" data-widget_type=\"heading.default\">\n\t\t\t\t\t<h2 class=\"elementor-heading-title elementor-size-default\">Seguimiento\n<\/h2>\t\t\t\t<\/div>\n\t\t\t\t<div class=\"elementor-element elementor-element-a55e09c elementor-widget elementor-widget-text-editor\" data-id=\"a55e09c\" data-element_type=\"widget\" data-e-type=\"widget\" data-widget_type=\"text-editor.default\">\n\t\t\t\t\t\t\t\t\t<div class=\"traductor-textarea form-group\"><div class=\"textarea-desti col-xs-12 col-sm-6\"><div class=\"form-control second-textarea\">Durante esta visita se valoran los cambios de h\u00e1bitos, sensaciones y la evoluci\u00f3n de las semanas. Tambi\u00e9n se resuelven dudas. En la mayor\u00eda de los casos, se vuelve a pesar con la b\u00e1scula de bioimpedancia y se miden per\u00edmetros. Se libra una nueva propuesta de men\u00fa y otros materiales si es necesario: estrategia de carrera, recomendaciones para el embarazo, valoraci\u00f3n de suplementaci\u00f3n, recomendaci\u00f3n de productos, etc.<\/div><\/div><\/div><div class=\"traductor-checkbox form-group\"><div class=\"row\"><div class=\"col-sm-offset-2 col-sm-5\"> <\/div><\/div><\/div>\t\t\t\t\t\t\t\t<\/div>\n\t\t\t\t<div class=\"elementor-element elementor-element-13635c0 elementor-widget elementor-widget-text-editor\" data-id=\"13635c0\" data-element_type=\"widget\" data-e-type=\"widget\" data-widget_type=\"text-editor.default\">\n\t\t\t\t\t\t\t\t\t<div class=\"traductor-textarea form-group\"><div class=\"textarea-desti col-xs-12 col-sm-6\"><div class=\"form-control second-textarea\">Las visitas de seguimiento normalmente se realizan cada 3 semanas o una vez en el mes, seg\u00fan las necesidades del paciente.<\/div><\/div><\/div><div class=\"traductor-checkbox form-group\"><div class=\"row\"><div class=\"col-sm-offset-2 col-sm-5\"> <\/div><\/div><\/div>\t\t\t\t\t\t\t\t<\/div>\n\t\t\t\t<div class=\"elementor-element elementor-element-8427e02 elementor-widget elementor-widget-heading\" data-id=\"8427e02\" data-element_type=\"widget\" data-e-type=\"widget\" data-widget_type=\"heading.default\">\n\t\t\t\t\t<h2 class=\"elementor-heading-title elementor-size-default\">30min \/ 40\u20ac<\/h2>\t\t\t\t<\/div>\n\t\t\t\t<div class=\"elementor-element elementor-element-87844a2 elementor-widget elementor-widget-button\" data-id=\"87844a2\" data-element_type=\"widget\" data-e-type=\"widget\" data-widget_type=\"button.default\">\n\t\t\t\t\t\t\t\t\t\t<a class=\"elementor-button elementor-button-link elementor-size-sm\" href=\"https:\/\/annatorello.com\/es\/contacto\/\">\n\t\t\t\t\t\t<span class=\"elementor-button-content-wrapper\">\n\t\t\t\t\t\t\t\t\t<span class=\"elementor-button-text\">Me interesa<\/span>\n\t\t\t\t\t<\/span>\n\t\t\t\t\t<\/a>\n\t\t\t\t\t\t\t\t<\/div>\n\t\t\t\t<\/div>\n\t\t\t\t<div class=\"elementor-element elementor-element-eead131 elementor-widget elementor-widget-heading\" data-id=\"eead131\" data-element_type=\"widget\" data-e-type=\"widget\" data-widget_type=\"heading.default\">\n\t\t\t\t\t<h2 class=\"elementor-heading-title elementor-size-default\">PACKS<\/h2>\t\t\t\t<\/div>\n\t\t\t\t\t<\/div>\n\t\t\t\t<\/div>\n\t\t<div class=\"elementor-element elementor-element-efa3ea2 e-flex e-con-boxed e-con e-parent\" data-id=\"efa3ea2\" data-element_type=\"container\" data-e-type=\"container\" data-settings=\"{&quot;motion_fx_motion_fx_scrolling&quot;:&quot;yes&quot;,&quot;motion_fx_translateY_effect&quot;:&quot;yes&quot;,&quot;motion_fx_translateY_speed&quot;:{&quot;unit&quot;:&quot;px&quot;,&quot;size&quot;:1,&quot;sizes&quot;:[]},&quot;motion_fx_translateY_affectedRange&quot;:{&quot;unit&quot;:&quot;%&quot;,&quot;size&quot;:&quot;&quot;,&quot;sizes&quot;:{&quot;start&quot;:0,&quot;end&quot;:100}},&quot;motion_fx_devices&quot;:[&quot;desktop&quot;,&quot;tablet&quot;,&quot;mobile&quot;]}\">\n\t\t\t\t\t<div class=\"e-con-inner\">\n\t\t<div class=\"elementor-element elementor-element-3ce0b3b e-con-full e-flex e-con e-child\" data-id=\"3ce0b3b\" data-element_type=\"container\" data-e-type=\"container\">\n\t\t<div class=\"elementor-element elementor-element-dea8bad e-con-full e-flex e-con e-child\" data-id=\"dea8bad\" data-element_type=\"container\" data-e-type=\"container\">\n\t\t\t\t<div class=\"elementor-element elementor-element-f859e04 elementor-widget__width-initial elementor-widget elementor-widget-heading\" data-id=\"f859e04\" data-element_type=\"widget\" data-e-type=\"widget\" data-widget_type=\"heading.default\">\n\t\t\t\t\t<h2 class=\"elementor-heading-title elementor-size-default\">Pack<\/h2>\t\t\t\t<\/div>\n\t\t\t\t<div class=\"elementor-element elementor-element-fb2aa7c elementor-widget__width-inherit elementor-widget elementor-widget-heading\" data-id=\"fb2aa7c\" data-element_type=\"widget\" data-e-type=\"widget\" data-widget_type=\"heading.default\">\n\t\t\t\t\t<h2 class=\"elementor-heading-title elementor-size-default\">140 \u20ac<\/h2>\t\t\t\t<\/div>\n\t\t\t\t<\/div>\n\t\t<div class=\"elementor-element elementor-element-a5a622a e-con-full e-flex e-con e-child\" data-id=\"a5a622a\" data-element_type=\"container\" data-e-type=\"container\">\n\t\t\t\t<div class=\"elementor-element elementor-element-d238ee5 elementor-widget__width-initial elementor-widget elementor-widget-text-editor\" data-id=\"d238ee5\" data-element_type=\"widget\" data-e-type=\"widget\" data-widget_type=\"text-editor.default\">\n\t\t\t\t\t\t\t\t\t<div class=\"traductor-textarea form-group\"><div class=\"textarea-desti col-xs-12 col-sm-6\"><div class=\"form-control second-textarea\">1a visita + 2 seguimientos<\/div><\/div><\/div><div class=\"traductor-checkbox form-group\"><div class=\"row\"><div class=\"col-sm-offset-2 col-sm-5\"> <\/div><\/div><\/div>\t\t\t\t\t\t\t\t<\/div>\n\t\t\t\t<div class=\"elementor-element elementor-element-fabb3ac elementor-widget__width-initial elementor-widget elementor-widget-text-editor\" data-id=\"fabb3ac\" data-element_type=\"widget\" data-e-type=\"widget\" data-widget_type=\"text-editor.default\">\n\t\t\t\t\t\t\t\t\t<div class=\"traductor-textarea form-group\"><div class=\"textarea-desti col-xs-12 col-sm-6\"><div class=\"form-control second-textarea\">(Precio sin pack 160 \u20ac)<\/div><\/div><\/div><div class=\"traductor-checkbox form-group\"><div class=\"row\"><div class=\"col-sm-offset-2 col-sm-5\"> <\/div><\/div><\/div>\t\t\t\t\t\t\t\t<\/div>\n\t\t\t\t<\/div>\n\t\t<div class=\"elementor-element elementor-element-0c9e27c e-con-full e-flex e-con e-child\" data-id=\"0c9e27c\" data-element_type=\"container\" data-e-type=\"container\">\n\t\t\t\t<div class=\"elementor-element elementor-element-3764f37 elementor-align-right elementor-widget elementor-widget-button\" data-id=\"3764f37\" data-element_type=\"widget\" data-e-type=\"widget\" data-widget_type=\"button.default\">\n\t\t\t\t\t\t\t\t\t\t<a class=\"elementor-button elementor-button-link elementor-size-sm\" href=\"https:\/\/annatorello.com\/es\/contacto\/\">\n\t\t\t\t\t\t<span class=\"elementor-button-content-wrapper\">\n\t\t\t\t\t\t\t\t\t<span class=\"elementor-button-text\">Me interesa<\/span>\n\t\t\t\t\t<\/span>\n\t\t\t\t\t<\/a>\n\t\t\t\t\t\t\t\t<\/div>\n\t\t\t\t<\/div>\n\t\t\t\t<\/div>\n\t\t\t\t\t<\/div>\n\t\t\t\t<\/div>\n\t\t<div class=\"elementor-element elementor-element-69570ae e-flex e-con-boxed e-con e-parent\" data-id=\"69570ae\" data-element_type=\"container\" data-e-type=\"container\" data-settings=\"{&quot;motion_fx_motion_fx_scrolling&quot;:&quot;yes&quot;,&quot;motion_fx_translateY_effect&quot;:&quot;yes&quot;,&quot;motion_fx_translateY_speed&quot;:{&quot;unit&quot;:&quot;px&quot;,&quot;size&quot;:1,&quot;sizes&quot;:[]},&quot;motion_fx_translateY_affectedRange&quot;:{&quot;unit&quot;:&quot;%&quot;,&quot;size&quot;:&quot;&quot;,&quot;sizes&quot;:{&quot;start&quot;:0,&quot;end&quot;:100}},&quot;motion_fx_devices&quot;:[&quot;desktop&quot;,&quot;tablet&quot;,&quot;mobile&quot;]}\">\n\t\t\t\t\t<div class=\"e-con-inner\">\n\t\t\t\t<div class=\"elementor-element elementor-element-200551f elementor-widget__width-initial elementor-widget elementor-widget-text-editor\" data-id=\"200551f\" data-element_type=\"widget\" data-e-type=\"widget\" data-widget_type=\"text-editor.default\">\n\t\t\t\t\t\t\t\t\t<div class=\"traductor-textarea form-group\"><div class=\"textarea-desti col-xs-12 col-sm-6\"><div class=\"form-control second-textarea\">Condiciones: pago por adelantado. El pack tiene una duraci\u00f3n de 3 meses (corresponde a una visita en el mes). Transcurrido este tiempo, el pack dejar\u00e1 de ser v\u00e1lido y las visitas que no hayas realizado se perder\u00e1n.<\/div><\/div><\/div>\t\t\t\t\t\t\t\t<\/div>\n\t\t\t\t\t<\/div>\n\t\t\t\t<\/div>\n\t\t<div class=\"elementor-element elementor-element-6502a2a e-flex e-con-boxed e-con e-parent\" data-id=\"6502a2a\" data-element_type=\"container\" data-e-type=\"container\" data-settings=\"{&quot;background_background&quot;:&quot;classic&quot;}\">\n\t\t\t\t\t<div class=\"e-con-inner\">\n\t\t\t\t<div class=\"elementor-element elementor-element-c32fc29 elementor-widget__width-initial elementor-widget elementor-widget-text-editor\" data-id=\"c32fc29\" data-element_type=\"widget\" data-e-type=\"widget\" data-widget_type=\"text-editor.default\">\n\t\t\t\t\t\t\t\t\t<div class=\"traductor-textarea form-group\"><div class=\"textarea-desti col-xs-12 col-sm-6\"><div class=\"form-control second-textarea\">Si quieres saber m\u00e1s informaci\u00f3n, tienes preguntas sobre los servicios o quieres comentarme tu caso, no dudes a ponerte en contacto.<\/div><\/div><\/div>\t\t\t\t\t\t\t\t<\/div>\n\t\t\t\t<div class=\"elementor-element elementor-element-f043e8d elementor-align-center elementor-widget elementor-widget-button\" data-id=\"f043e8d\" data-element_type=\"widget\" data-e-type=\"widget\" data-widget_type=\"button.default\">\n\t\t\t\t\t\t\t\t\t\t<a class=\"elementor-button elementor-button-link elementor-size-sm\" href=\"https:\/\/annatorello.com\/es\/contacto\/\">\n\t\t\t\t\t\t<span class=\"elementor-button-content-wrapper\">\n\t\t\t\t\t\t\t\t\t<span class=\"elementor-button-text\">CONTACTO<\/span>\n\t\t\t\t\t<\/span>\n\t\t\t\t\t<\/a>\n\t\t\t\t\t\t\t\t<\/div>\n\t\t\t\t\t<\/div>\n\t\t\t\t<\/div>\n\t\t\t\t<\/div>\n\t\t","protected":false},"excerpt":{"rendered":"<p>TARIFAS Primera visita La primera visita sirve para conocer tus h\u00e1bitos alimentarios, objetivos, estilo de vida y para medir la composici\u00f3n corporal mediante una b\u00e1scula que calcula el porcentaje de grasa, m\u00fasculo, peso, agua, grasa visceral, etc., as\u00ed como per\u00edmetros con la cinta m\u00e9trica. Con toda esta informaci\u00f3n preparo el material de manera personalizada: se [&hellip;]<\/p>\n","protected":false},"author":1,"featured_media":0,"parent":0,"menu_order":0,"comment_status":"closed","ping_status":"closed","template":"","meta":{"footnotes":""},"class_list":["post-1294","page","type-page","status-publish","hentry"],"yoast_head":"<!-- This site is optimized with the Yoast SEO plugin v27.4 - https:\/\/yoast.com\/product\/yoast-seo-wordpress\/ -->\n<title>Tarifas y packs - The Happy Avocado<\/title>\n<meta name=\"robots\" content=\"index, follow, max-snippet:-1, max-image-preview:large, max-video-preview:-1\" \/>\n<link rel=\"canonical\" href=\"https:\/\/annatorello.com\/es\/tarifas-y-packs\/\" \/>\n<meta property=\"og:locale\" content=\"es_ES\" \/>\n<meta property=\"og:type\" content=\"article\" \/>\n<meta property=\"og:title\" content=\"Tarifas y packs - The Happy Avocado\" \/>\n<meta property=\"og:description\" content=\"TARIFAS Primera visita La primera visita sirve para conocer tus h\u00e1bitos alimentarios, objetivos, estilo de vida y para medir la composici\u00f3n corporal mediante una b\u00e1scula que calcula el porcentaje de grasa, m\u00fasculo, peso, agua, grasa visceral, etc., as\u00ed como per\u00edmetros con la cinta m\u00e9trica. Con toda esta informaci\u00f3n preparo el material de manera personalizada: se [&hellip;]\" \/>\n<meta property=\"og:url\" content=\"https:\/\/annatorello.com\/es\/tarifas-y-packs\/\" \/>\n<meta property=\"og:site_name\" content=\"The Happy Avocado\" \/>\n<meta property=\"article:modified_time\" content=\"2026-04-16T11:46:39+00:00\" \/>\n<meta name=\"twitter:card\" content=\"summary_large_image\" \/>\n<meta name=\"twitter:label1\" content=\"Tiempo de lectura\" \/>\n\t<meta name=\"twitter:data1\" content=\"1 minuto\" \/>\n<script type=\"application\/ld+json\" class=\"yoast-schema-graph\">{\"@context\":\"https:\\\/\\\/schema.org\",\"@graph\":[{\"@type\":\"WebPage\",\"@id\":\"https:\\\/\\\/annatorello.com\\\/es\\\/tarifas-y-packs\\\/\",\"url\":\"https:\\\/\\\/annatorello.com\\\/es\\\/tarifas-y-packs\\\/\",\"name\":\"Tarifas y packs - The Happy Avocado\",\"isPartOf\":{\"@id\":\"https:\\\/\\\/annatorello.com\\\/es\\\/#website\"},\"datePublished\":\"2026-03-12T05:55:36+00:00\",\"dateModified\":\"2026-04-16T11:46:39+00:00\",\"breadcrumb\":{\"@id\":\"https:\\\/\\\/annatorello.com\\\/es\\\/tarifas-y-packs\\\/#breadcrumb\"},\"inLanguage\":\"es\",\"potentialAction\":[{\"@type\":\"ReadAction\",\"target\":[\"https:\\\/\\\/annatorello.com\\\/es\\\/tarifas-y-packs\\\/\"]}]},{\"@type\":\"BreadcrumbList\",\"@id\":\"https:\\\/\\\/annatorello.com\\\/es\\\/tarifas-y-packs\\\/#breadcrumb\",\"itemListElement\":[{\"@type\":\"ListItem\",\"position\":1,\"name\":\"Home\",\"item\":\"https:\\\/\\\/annatorello.com\\\/es\\\/home\\\/\"},{\"@type\":\"ListItem\",\"position\":2,\"name\":\"Tarifas y packs\"}]},{\"@type\":\"WebSite\",\"@id\":\"https:\\\/\\\/annatorello.com\\\/es\\\/#website\",\"url\":\"https:\\\/\\\/annatorello.com\\\/es\\\/\",\"name\":\"The Happy Avocado\",\"description\":\"\",\"publisher\":{\"@id\":\"https:\\\/\\\/annatorello.com\\\/es\\\/#organization\"},\"potentialAction\":[{\"@type\":\"SearchAction\",\"target\":{\"@type\":\"EntryPoint\",\"urlTemplate\":\"https:\\\/\\\/annatorello.com\\\/es\\\/?s={search_term_string}\"},\"query-input\":{\"@type\":\"PropertyValueSpecification\",\"valueRequired\":true,\"valueName\":\"search_term_string\"}}],\"inLanguage\":\"es\"},{\"@type\":\"Organization\",\"@id\":\"https:\\\/\\\/annatorello.com\\\/es\\\/#organization\",\"name\":\"The Happy Avocado\",\"url\":\"https:\\\/\\\/annatorello.com\\\/es\\\/\",\"logo\":{\"@type\":\"ImageObject\",\"inLanguage\":\"es\",\"@id\":\"https:\\\/\\\/annatorello.com\\\/es\\\/#\\\/schema\\\/logo\\\/image\\\/\",\"url\":\"https:\\\/\\\/annatorello.com\\\/wp-content\\\/uploads\\\/2026\\\/03\\\/Anna-Torello.svg\",\"contentUrl\":\"https:\\\/\\\/annatorello.com\\\/wp-content\\\/uploads\\\/2026\\\/03\\\/Anna-Torello.svg\",\"width\":126,\"height\":15,\"caption\":\"The Happy Avocado\"},\"image\":{\"@id\":\"https:\\\/\\\/annatorello.com\\\/es\\\/#\\\/schema\\\/logo\\\/image\\\/\"}}]}<\/script>\n<!-- \/ Yoast SEO plugin. -->","yoast_head_json":{"title":"Tarifas y packs - The Happy Avocado","robots":{"index":"index","follow":"follow","max-snippet":"max-snippet:-1","max-image-preview":"max-image-preview:large","max-video-preview":"max-video-preview:-1"},"canonical":"https:\/\/annatorello.com\/es\/tarifas-y-packs\/","og_locale":"es_ES","og_type":"article","og_title":"Tarifas y packs - The Happy Avocado","og_description":"TARIFAS Primera visita La primera visita sirve para conocer tus h\u00e1bitos alimentarios, objetivos, estilo de vida y para medir la composici\u00f3n corporal mediante una b\u00e1scula que calcula el porcentaje de grasa, m\u00fasculo, peso, agua, grasa visceral, etc., as\u00ed como per\u00edmetros con la cinta m\u00e9trica. Con toda esta informaci\u00f3n preparo el material de manera personalizada: se [&hellip;]","og_url":"https:\/\/annatorello.com\/es\/tarifas-y-packs\/","og_site_name":"The Happy Avocado","article_modified_time":"2026-04-16T11:46:39+00:00","twitter_card":"summary_large_image","twitter_misc":{"Tiempo de lectura":"1 minuto"},"schema":{"@context":"https:\/\/schema.org","@graph":[{"@type":"WebPage","@id":"https:\/\/annatorello.com\/es\/tarifas-y-packs\/","url":"https:\/\/annatorello.com\/es\/tarifas-y-packs\/","name":"Tarifas y packs - The Happy Avocado","isPartOf":{"@id":"https:\/\/annatorello.com\/es\/#website"},"datePublished":"2026-03-12T05:55:36+00:00","dateModified":"2026-04-16T11:46:39+00:00","breadcrumb":{"@id":"https:\/\/annatorello.com\/es\/tarifas-y-packs\/#breadcrumb"},"inLanguage":"es","potentialAction":[{"@type":"ReadAction","target":["https:\/\/annatorello.com\/es\/tarifas-y-packs\/"]}]},{"@type":"BreadcrumbList","@id":"https:\/\/annatorello.com\/es\/tarifas-y-packs\/#breadcrumb","itemListElement":[{"@type":"ListItem","position":1,"name":"Home","item":"https:\/\/annatorello.com\/es\/home\/"},{"@type":"ListItem","position":2,"name":"Tarifas y packs"}]},{"@type":"WebSite","@id":"https:\/\/annatorello.com\/es\/#website","url":"https:\/\/annatorello.com\/es\/","name":"The Happy Avocado","description":"","publisher":{"@id":"https:\/\/annatorello.com\/es\/#organization"},"potentialAction":[{"@type":"SearchAction","target":{"@type":"EntryPoint","urlTemplate":"https:\/\/annatorello.com\/es\/?s={search_term_string}"},"query-input":{"@type":"PropertyValueSpecification","valueRequired":true,"valueName":"search_term_string"}}],"inLanguage":"es"},{"@type":"Organization","@id":"https:\/\/annatorello.com\/es\/#organization","name":"The Happy Avocado","url":"https:\/\/annatorello.com\/es\/","logo":{"@type":"ImageObject","inLanguage":"es","@id":"https:\/\/annatorello.com\/es\/#\/schema\/logo\/image\/","url":"https:\/\/annatorello.com\/wp-content\/uploads\/2026\/03\/Anna-Torello.svg","contentUrl":"https:\/\/annatorello.com\/wp-content\/uploads\/2026\/03\/Anna-Torello.svg","width":126,"height":15,"caption":"The Happy Avocado"},"image":{"@id":"https:\/\/annatorello.com\/es\/#\/schema\/logo\/image\/"}}]}},"_links":{"self":[{"href":"https:\/\/annatorello.com\/es\/wp-json\/wp\/v2\/pages\/1294","targetHints":{"allow":["GET"]}}],"collection":[{"href":"https:\/\/annatorello.com\/es\/wp-json\/wp\/v2\/pages"}],"about":[{"href":"https:\/\/annatorello.com\/es\/wp-json\/wp\/v2\/types\/page"}],"author":[{"embeddable":true,"href":"https:\/\/annatorello.com\/es\/wp-json\/wp\/v2\/users\/1"}],"replies":[{"embeddable":true,"href":"https:\/\/annatorello.com\/es\/wp-json\/wp\/v2\/comments?post=1294"}],"version-history":[{"count":2,"href":"https:\/\/annatorello.com\/es\/wp-json\/wp\/v2\/pages\/1294\/revisions"}],"predecessor-version":[{"id":1299,"href":"https:\/\/annatorello.com\/es\/wp-json\/wp\/v2\/pages\/1294\/revisions\/1299"}],"wp:attachment":[{"href":"https:\/\/annatorello.com\/es\/wp-json\/wp\/v2\/media?parent=1294"}],"curies":[{"name":"wp","href":"https:\/\/api.w.org\/{rel}","templated":true}]}}