{"id":1292,"date":"2026-03-12T06:38:04","date_gmt":"2026-03-12T06:38:04","guid":{"rendered":"https:\/\/annatorello.com\/sobre-mi\/"},"modified":"2026-04-16T11:43:17","modified_gmt":"2026-04-16T11:43:17","slug":"sobre-mi","status":"publish","type":"page","link":"https:\/\/annatorello.com\/es\/sobre-mi\/","title":{"rendered":"Sobre m\u00ed"},"content":{"rendered":"\t\t<div data-elementor-type=\"wp-page\" data-elementor-id=\"1292\" class=\"elementor elementor-1292 elementor-314\" data-elementor-post-type=\"page\">\n\t\t\t\t<div class=\"elementor-element elementor-element-a0256dc e-flex e-con-boxed e-con e-parent\" data-id=\"a0256dc\" data-element_type=\"container\" data-e-type=\"container\">\n\t\t\t\t\t<div class=\"e-con-inner\">\n\t\t\t\t<div class=\"elementor-element elementor-element-aa61acf elementor-invisible elementor-widget elementor-widget-heading\" data-id=\"aa61acf\" data-element_type=\"widget\" data-e-type=\"widget\" data-settings=\"{&quot;_animation&quot;:&quot;fadeIn&quot;}\" data-widget_type=\"heading.default\">\n\t\t\t\t\t<h2 class=\"elementor-heading-title elementor-size-default\">SOBRE M\u00cd<\/h2>\t\t\t\t<\/div>\n\t\t\t\t<div class=\"elementor-element elementor-element-b928b5e elementor-widget elementor-widget-image\" data-id=\"b928b5e\" data-element_type=\"widget\" data-e-type=\"widget\" data-widget_type=\"image.default\">\n\t\t\t\t\t\t\t\t\t\t\t\t\t\t\t<img fetchpriority=\"high\" decoding=\"async\" width=\"279\" height=\"236\" src=\"https:\/\/annatorello.com\/wp-content\/uploads\/2026\/03\/Smagrada-3-1.png\" class=\"attachment-full size-full wp-image-1245\" alt=\"\" \/>\t\t\t\t\t\t\t\t\t\t\t\t\t\t\t<\/div>\n\t\t\t\t<div class=\"elementor-element elementor-element-32fbfac elementor-widget__width-initial elementor-invisible elementor-widget elementor-widget-text-editor\" data-id=\"32fbfac\" data-element_type=\"widget\" data-e-type=\"widget\" data-settings=\"{&quot;_animation&quot;:&quot;fadeIn&quot;,&quot;motion_fx_motion_fx_scrolling&quot;:&quot;yes&quot;,&quot;motion_fx_translateY_effect&quot;:&quot;yes&quot;,&quot;motion_fx_translateY_speed&quot;:{&quot;unit&quot;:&quot;px&quot;,&quot;size&quot;:1,&quot;sizes&quot;:[]},&quot;motion_fx_translateY_affectedRange&quot;:{&quot;unit&quot;:&quot;%&quot;,&quot;size&quot;:&quot;&quot;,&quot;sizes&quot;:{&quot;start&quot;:0,&quot;end&quot;:100}},&quot;motion_fx_devices&quot;:[&quot;desktop&quot;,&quot;tablet&quot;,&quot;mobile&quot;]}\" data-widget_type=\"text-editor.default\">\n\t\t\t\t\t\t\t\t\t<p><span style=\"font-weight: 400;\">Ense\u00f1ar a comer de una manera m\u00e1s saludable, que se disfrute del proceso y que sea sostenible en el tiempo, debe ser el principal objetivo.<\/span><\/p>\t\t\t\t\t\t\t\t<\/div>\n\t\t\t\t\t<\/div>\n\t\t\t\t<\/div>\n\t\t<div class=\"elementor-element elementor-element-6002cf6 e-flex e-con-boxed e-con e-parent\" data-id=\"6002cf6\" data-element_type=\"container\" data-e-type=\"container\">\n\t\t\t\t\t<div class=\"e-con-inner\">\n\t\t<div class=\"elementor-element elementor-element-618ff1d e-con-full e-flex e-con e-child\" data-id=\"618ff1d\" data-element_type=\"container\" data-e-type=\"container\" data-settings=\"{&quot;background_background&quot;:&quot;classic&quot;}\">\n\t\t\t\t<\/div>\n\t\t<div class=\"elementor-element elementor-element-9a1d40f e-con-full e-flex e-con e-child\" data-id=\"9a1d40f\" data-element_type=\"container\" data-e-type=\"container\" data-settings=\"{&quot;background_background&quot;:&quot;classic&quot;}\">\n\t\t<div class=\"elementor-element elementor-element-b67853e e-con-full e-flex e-con e-child\" data-id=\"b67853e\" data-element_type=\"container\" data-e-type=\"container\">\n\t\t\t\t<div class=\"elementor-element elementor-element-c6d06b5 elementor-widget__width-initial elementor-widget-mobile__width-inherit elementor-widget elementor-widget-text-editor\" data-id=\"c6d06b5\" data-element_type=\"widget\" data-e-type=\"widget\" data-widget_type=\"text-editor.default\">\n\t\t\t\t\t\t\t\t\t<div class=\"traductor-textarea form-group\"><div class=\"textarea-desti col-xs-12 col-sm-6\"><div class=\"form-control second-textarea\">Me llamo Anna Torell\u00f3 y llevo a\u00f1os ayudando a personas a comer de una manera m\u00e1s saludable sin restricciones ni renunciar a disfrutar de la comida, y eso es lo que m\u00e1s me gusta de mi trabajo. Nos alimentamos a diario y, por lo tanto, cuanto m\u00e1s sana sea nuestra relaci\u00f3n con la comida, mejor.<\/div><\/div><\/div><div class=\"traductor-checkbox form-group\"><div class=\"row\"><div class=\"col-sm-offset-2 col-sm-5\"> <\/div><\/div><\/div>\t\t\t\t\t\t\t\t<\/div>\n\t\t\t\t<div class=\"elementor-element elementor-element-88b8825 elementor-widget__width-initial elementor-widget-mobile__width-inherit elementor-widget elementor-widget-text-editor\" data-id=\"88b8825\" data-element_type=\"widget\" data-e-type=\"widget\" data-widget_type=\"text-editor.default\">\n\t\t\t\t\t\t\t\t\t<div class=\"traductor-textarea form-group\"><div class=\"textarea-desti col-xs-12 col-sm-6\"><div class=\"form-control second-textarea\">Combino el trabajo en consulta con la creaci\u00f3n de contenido en las redes y con formaciones que imparto tanto a j\u00f3venes y adultos en riesgo de exclusi\u00f3n social \u2014para ayudarlos en su reinserci\u00f3n laboral\u2014 como a empresas que quieren fomentar h\u00e1bitos de vida m\u00e1s saludables.<\/div><\/div><\/div><div class=\"traductor-checkbox form-group\"><div class=\"row\"><div class=\"col-sm-offset-2 col-sm-5\"> <\/div><\/div><\/div>\t\t\t\t\t\t\t\t<\/div>\n\t\t\t\t<div class=\"elementor-element elementor-element-7b7402c elementor-widget__width-initial elementor-widget-mobile__width-inherit elementor-widget elementor-widget-text-editor\" data-id=\"7b7402c\" data-element_type=\"widget\" data-e-type=\"widget\" data-widget_type=\"text-editor.default\">\n\t\t\t\t\t\t\t\t\t<div class=\"traductor-textarea form-group\"><div class=\"textarea-desti col-xs-12 col-sm-6\"><div class=\"form-control second-textarea\">Me considero una persona alegre y positiva; me gusta crear un ambiente de confianza y cercano con los pacientes. Tambi\u00e9n necesito estar activa y hacer deporte, me ayuda a mantenerme estable a nivel emocional y a recargar energ\u00eda, sobre todo si es al aire libre: correr, bici, monta\u00f1a&#8230;<\/div><\/div><\/div><div class=\"traductor-checkbox form-group\"><div class=\"row\"><div class=\"col-sm-offset-2 col-sm-5\"> <\/div><\/div><\/div>\t\t\t\t\t\t\t\t<\/div>\n\t\t\t\t<\/div>\n\t\t\t\t<\/div>\n\t\t\t\t\t<\/div>\n\t\t\t\t<\/div>\n\t\t<div class=\"elementor-element elementor-element-139ba83 e-flex e-con-boxed e-con e-parent\" data-id=\"139ba83\" data-element_type=\"container\" data-e-type=\"container\">\n\t\t\t\t\t<div class=\"e-con-inner\">\n\t\t\t\t<div class=\"elementor-element elementor-element-380e34b elementor-widget__width-initial elementor-widget elementor-widget-image\" data-id=\"380e34b\" data-element_type=\"widget\" data-e-type=\"widget\" data-widget_type=\"image.default\">\n\t\t\t\t\t\t\t\t\t\t\t\t\t\t\t<img decoding=\"async\" width=\"341\" height=\"436\" src=\"https:\/\/annatorello.com\/wp-content\/uploads\/2026\/03\/magrada-8-1.png\" class=\"attachment-full size-full wp-image-1248\" alt=\"\" srcset=\"https:\/\/annatorello.com\/wp-content\/uploads\/2026\/03\/magrada-8-1.png 341w, https:\/\/annatorello.com\/wp-content\/uploads\/2026\/03\/magrada-8-1-235x300.png 235w\" sizes=\"(max-width: 341px) 100vw, 341px\" \/>\t\t\t\t\t\t\t\t\t\t\t\t\t\t\t<\/div>\n\t\t\t\t<div class=\"elementor-element elementor-element-fa6bf00 elementor-widget__width-initial elementor-widget elementor-widget-text-editor\" data-id=\"fa6bf00\" data-element_type=\"widget\" data-e-type=\"widget\" data-settings=\"{&quot;motion_fx_motion_fx_scrolling&quot;:&quot;yes&quot;,&quot;motion_fx_translateY_effect&quot;:&quot;yes&quot;,&quot;motion_fx_translateY_speed&quot;:{&quot;unit&quot;:&quot;px&quot;,&quot;size&quot;:1,&quot;sizes&quot;:[]},&quot;motion_fx_translateY_affectedRange&quot;:{&quot;unit&quot;:&quot;%&quot;,&quot;size&quot;:&quot;&quot;,&quot;sizes&quot;:{&quot;start&quot;:0,&quot;end&quot;:100}},&quot;motion_fx_devices&quot;:[&quot;desktop&quot;,&quot;tablet&quot;,&quot;mobile&quot;]}\" data-widget_type=\"text-editor.default\">\n\t\t\t\t\t\t\t\t\t<div class=\"traductor-textarea form-group\"><div class=\"textarea-desti col-xs-12 col-sm-6\"><div class=\"form-control second-textarea\">Estoy graduada en Nutrici\u00f3n Humana y Diet\u00e9tica (N.\u00ba de colegiada CAT001763), con un M\u00e1ster en nutrici\u00f3n deportiva y he realizado diversos cursos de especializaci\u00f3n nutricional, como por ejemplo en patolog\u00edas digestivas o nutrici\u00f3n oncol\u00f3gica. A d\u00eda de hoy sigo actualiz\u00e1ndome seg\u00fan los casos que voy viendo en consulta para poder ofreceros el mejor servicio.<\/div><\/div><\/div>\t\t\t\t\t\t\t\t<\/div>\n\t\t\t\t<div class=\"elementor-element elementor-element-3f69a54 elementor-widget__width-initial elementor-widget elementor-widget-text-editor\" data-id=\"3f69a54\" data-element_type=\"widget\" data-e-type=\"widget\" data-settings=\"{&quot;motion_fx_motion_fx_scrolling&quot;:&quot;yes&quot;,&quot;motion_fx_translateY_effect&quot;:&quot;yes&quot;,&quot;motion_fx_translateY_speed&quot;:{&quot;unit&quot;:&quot;px&quot;,&quot;size&quot;:1,&quot;sizes&quot;:[]},&quot;motion_fx_translateY_affectedRange&quot;:{&quot;unit&quot;:&quot;%&quot;,&quot;size&quot;:&quot;&quot;,&quot;sizes&quot;:{&quot;start&quot;:0,&quot;end&quot;:100}},&quot;motion_fx_devices&quot;:[&quot;desktop&quot;,&quot;tablet&quot;,&quot;mobile&quot;]}\" data-widget_type=\"text-editor.default\">\n\t\t\t\t\t\t\t\t\t<div class=\"traductor-textarea form-group\"><div class=\"textarea-desti col-xs-12 col-sm-6\"><div class=\"form-control second-textarea\">Y finalmente, quiero decirte que a m\u00ed tambi\u00e9n me gusta mucho comer, y que eso no tiene por qu\u00e9 diferir de una alimentaci\u00f3n saludable.<\/div><\/div><\/div>\t\t\t\t\t\t\t\t<\/div>\n\t\t\t\t\t<\/div>\n\t\t\t\t<\/div>\n\t\t\t\t<\/div>\n\t\t","protected":false},"excerpt":{"rendered":"<p>SOBRE M\u00cd Ense\u00f1ar a comer de una manera m\u00e1s saludable, que se disfrute del proceso y que sea sostenible en el tiempo, debe ser el principal objetivo. Me llamo Anna Torell\u00f3 y llevo a\u00f1os ayudando a personas a comer de una manera m\u00e1s saludable sin restricciones ni renunciar a disfrutar de la comida, y eso [&hellip;]<\/p>\n","protected":false},"author":1,"featured_media":0,"parent":0,"menu_order":0,"comment_status":"closed","ping_status":"closed","template":"","meta":{"footnotes":""},"class_list":["post-1292","page","type-page","status-publish","hentry"],"yoast_head":"<!-- This site is optimized with the Yoast SEO plugin v27.4 - https:\/\/yoast.com\/product\/yoast-seo-wordpress\/ -->\n<title>Sobre m\u00ed - The Happy Avocado<\/title>\n<meta name=\"robots\" content=\"index, follow, max-snippet:-1, max-image-preview:large, max-video-preview:-1\" \/>\n<link rel=\"canonical\" href=\"https:\/\/annatorello.com\/es\/sobre-mi\/\" \/>\n<meta property=\"og:locale\" content=\"es_ES\" \/>\n<meta property=\"og:type\" content=\"article\" \/>\n<meta property=\"og:title\" content=\"Sobre m\u00ed - The Happy Avocado\" \/>\n<meta property=\"og:description\" content=\"SOBRE M\u00cd Ense\u00f1ar a comer de una manera m\u00e1s saludable, que se disfrute del proceso y que sea sostenible en el tiempo, debe ser el principal objetivo. Me llamo Anna Torell\u00f3 y llevo a\u00f1os ayudando a personas a comer de una manera m\u00e1s saludable sin restricciones ni renunciar a disfrutar de la comida, y eso [&hellip;]\" \/>\n<meta property=\"og:url\" content=\"https:\/\/annatorello.com\/es\/sobre-mi\/\" \/>\n<meta property=\"og:site_name\" content=\"The Happy Avocado\" \/>\n<meta property=\"article:modified_time\" content=\"2026-04-16T11:43:17+00:00\" \/>\n<meta property=\"og:image\" content=\"https:\/\/annatorello.com\/wp-content\/uploads\/2026\/03\/Smagrada-3-1.png\" \/>\n\t<meta property=\"og:image:width\" content=\"279\" \/>\n\t<meta property=\"og:image:height\" content=\"236\" \/>\n\t<meta property=\"og:image:type\" content=\"image\/png\" \/>\n<meta name=\"twitter:card\" content=\"summary_large_image\" \/>\n<meta name=\"twitter:label1\" content=\"Tiempo de lectura\" \/>\n\t<meta name=\"twitter:data1\" content=\"1 minuto\" \/>\n<script type=\"application\/ld+json\" class=\"yoast-schema-graph\">{\"@context\":\"https:\\\/\\\/schema.org\",\"@graph\":[{\"@type\":\"WebPage\",\"@id\":\"https:\\\/\\\/annatorello.com\\\/es\\\/sobre-mi\\\/\",\"url\":\"https:\\\/\\\/annatorello.com\\\/es\\\/sobre-mi\\\/\",\"name\":\"Sobre m\u00ed - The Happy Avocado\",\"isPartOf\":{\"@id\":\"https:\\\/\\\/annatorello.com\\\/es\\\/#website\"},\"primaryImageOfPage\":{\"@id\":\"https:\\\/\\\/annatorello.com\\\/es\\\/sobre-mi\\\/#primaryimage\"},\"image\":{\"@id\":\"https:\\\/\\\/annatorello.com\\\/es\\\/sobre-mi\\\/#primaryimage\"},\"thumbnailUrl\":\"https:\\\/\\\/annatorello.com\\\/wp-content\\\/uploads\\\/2026\\\/03\\\/Smagrada-3-1.png\",\"datePublished\":\"2026-03-12T06:38:04+00:00\",\"dateModified\":\"2026-04-16T11:43:17+00:00\",\"breadcrumb\":{\"@id\":\"https:\\\/\\\/annatorello.com\\\/es\\\/sobre-mi\\\/#breadcrumb\"},\"inLanguage\":\"es\",\"potentialAction\":[{\"@type\":\"ReadAction\",\"target\":[\"https:\\\/\\\/annatorello.com\\\/es\\\/sobre-mi\\\/\"]}]},{\"@type\":\"ImageObject\",\"inLanguage\":\"es\",\"@id\":\"https:\\\/\\\/annatorello.com\\\/es\\\/sobre-mi\\\/#primaryimage\",\"url\":\"https:\\\/\\\/annatorello.com\\\/wp-content\\\/uploads\\\/2026\\\/03\\\/Smagrada-3-1.png\",\"contentUrl\":\"https:\\\/\\\/annatorello.com\\\/wp-content\\\/uploads\\\/2026\\\/03\\\/Smagrada-3-1.png\"},{\"@type\":\"BreadcrumbList\",\"@id\":\"https:\\\/\\\/annatorello.com\\\/es\\\/sobre-mi\\\/#breadcrumb\",\"itemListElement\":[{\"@type\":\"ListItem\",\"position\":1,\"name\":\"Home\",\"item\":\"https:\\\/\\\/annatorello.com\\\/es\\\/home\\\/\"},{\"@type\":\"ListItem\",\"position\":2,\"name\":\"Sobre m\u00ed\"}]},{\"@type\":\"WebSite\",\"@id\":\"https:\\\/\\\/annatorello.com\\\/es\\\/#website\",\"url\":\"https:\\\/\\\/annatorello.com\\\/es\\\/\",\"name\":\"The Happy Avocado\",\"description\":\"\",\"publisher\":{\"@id\":\"https:\\\/\\\/annatorello.com\\\/es\\\/#organization\"},\"potentialAction\":[{\"@type\":\"SearchAction\",\"target\":{\"@type\":\"EntryPoint\",\"urlTemplate\":\"https:\\\/\\\/annatorello.com\\\/es\\\/?s={search_term_string}\"},\"query-input\":{\"@type\":\"PropertyValueSpecification\",\"valueRequired\":true,\"valueName\":\"search_term_string\"}}],\"inLanguage\":\"es\"},{\"@type\":\"Organization\",\"@id\":\"https:\\\/\\\/annatorello.com\\\/es\\\/#organization\",\"name\":\"The Happy Avocado\",\"url\":\"https:\\\/\\\/annatorello.com\\\/es\\\/\",\"logo\":{\"@type\":\"ImageObject\",\"inLanguage\":\"es\",\"@id\":\"https:\\\/\\\/annatorello.com\\\/es\\\/#\\\/schema\\\/logo\\\/image\\\/\",\"url\":\"https:\\\/\\\/annatorello.com\\\/wp-content\\\/uploads\\\/2026\\\/03\\\/Anna-Torello.svg\",\"contentUrl\":\"https:\\\/\\\/annatorello.com\\\/wp-content\\\/uploads\\\/2026\\\/03\\\/Anna-Torello.svg\",\"width\":126,\"height\":15,\"caption\":\"The Happy Avocado\"},\"image\":{\"@id\":\"https:\\\/\\\/annatorello.com\\\/es\\\/#\\\/schema\\\/logo\\\/image\\\/\"}}]}<\/script>\n<!-- \/ Yoast SEO plugin. -->","yoast_head_json":{"title":"Sobre m\u00ed - The Happy Avocado","robots":{"index":"index","follow":"follow","max-snippet":"max-snippet:-1","max-image-preview":"max-image-preview:large","max-video-preview":"max-video-preview:-1"},"canonical":"https:\/\/annatorello.com\/es\/sobre-mi\/","og_locale":"es_ES","og_type":"article","og_title":"Sobre m\u00ed - The Happy Avocado","og_description":"SOBRE M\u00cd Ense\u00f1ar a comer de una manera m\u00e1s saludable, que se disfrute del proceso y que sea sostenible en el tiempo, debe ser el principal objetivo. Me llamo Anna Torell\u00f3 y llevo a\u00f1os ayudando a personas a comer de una manera m\u00e1s saludable sin restricciones ni renunciar a disfrutar de la comida, y eso [&hellip;]","og_url":"https:\/\/annatorello.com\/es\/sobre-mi\/","og_site_name":"The Happy Avocado","article_modified_time":"2026-04-16T11:43:17+00:00","og_image":[{"width":279,"height":236,"url":"https:\/\/annatorello.com\/wp-content\/uploads\/2026\/03\/Smagrada-3-1.png","type":"image\/png"}],"twitter_card":"summary_large_image","twitter_misc":{"Tiempo de lectura":"1 minuto"},"schema":{"@context":"https:\/\/schema.org","@graph":[{"@type":"WebPage","@id":"https:\/\/annatorello.com\/es\/sobre-mi\/","url":"https:\/\/annatorello.com\/es\/sobre-mi\/","name":"Sobre m\u00ed - The Happy Avocado","isPartOf":{"@id":"https:\/\/annatorello.com\/es\/#website"},"primaryImageOfPage":{"@id":"https:\/\/annatorello.com\/es\/sobre-mi\/#primaryimage"},"image":{"@id":"https:\/\/annatorello.com\/es\/sobre-mi\/#primaryimage"},"thumbnailUrl":"https:\/\/annatorello.com\/wp-content\/uploads\/2026\/03\/Smagrada-3-1.png","datePublished":"2026-03-12T06:38:04+00:00","dateModified":"2026-04-16T11:43:17+00:00","breadcrumb":{"@id":"https:\/\/annatorello.com\/es\/sobre-mi\/#breadcrumb"},"inLanguage":"es","potentialAction":[{"@type":"ReadAction","target":["https:\/\/annatorello.com\/es\/sobre-mi\/"]}]},{"@type":"ImageObject","inLanguage":"es","@id":"https:\/\/annatorello.com\/es\/sobre-mi\/#primaryimage","url":"https:\/\/annatorello.com\/wp-content\/uploads\/2026\/03\/Smagrada-3-1.png","contentUrl":"https:\/\/annatorello.com\/wp-content\/uploads\/2026\/03\/Smagrada-3-1.png"},{"@type":"BreadcrumbList","@id":"https:\/\/annatorello.com\/es\/sobre-mi\/#breadcrumb","itemListElement":[{"@type":"ListItem","position":1,"name":"Home","item":"https:\/\/annatorello.com\/es\/home\/"},{"@type":"ListItem","position":2,"name":"Sobre m\u00ed"}]},{"@type":"WebSite","@id":"https:\/\/annatorello.com\/es\/#website","url":"https:\/\/annatorello.com\/es\/","name":"The Happy Avocado","description":"","publisher":{"@id":"https:\/\/annatorello.com\/es\/#organization"},"potentialAction":[{"@type":"SearchAction","target":{"@type":"EntryPoint","urlTemplate":"https:\/\/annatorello.com\/es\/?s={search_term_string}"},"query-input":{"@type":"PropertyValueSpecification","valueRequired":true,"valueName":"search_term_string"}}],"inLanguage":"es"},{"@type":"Organization","@id":"https:\/\/annatorello.com\/es\/#organization","name":"The Happy Avocado","url":"https:\/\/annatorello.com\/es\/","logo":{"@type":"ImageObject","inLanguage":"es","@id":"https:\/\/annatorello.com\/es\/#\/schema\/logo\/image\/","url":"https:\/\/annatorello.com\/wp-content\/uploads\/2026\/03\/Anna-Torello.svg","contentUrl":"https:\/\/annatorello.com\/wp-content\/uploads\/2026\/03\/Anna-Torello.svg","width":126,"height":15,"caption":"The Happy Avocado"},"image":{"@id":"https:\/\/annatorello.com\/es\/#\/schema\/logo\/image\/"}}]}},"_links":{"self":[{"href":"https:\/\/annatorello.com\/es\/wp-json\/wp\/v2\/pages\/1292","targetHints":{"allow":["GET"]}}],"collection":[{"href":"https:\/\/annatorello.com\/es\/wp-json\/wp\/v2\/pages"}],"about":[{"href":"https:\/\/annatorello.com\/es\/wp-json\/wp\/v2\/types\/page"}],"author":[{"embeddable":true,"href":"https:\/\/annatorello.com\/es\/wp-json\/wp\/v2\/users\/1"}],"replies":[{"embeddable":true,"href":"https:\/\/annatorello.com\/es\/wp-json\/wp\/v2\/comments?post=1292"}],"version-history":[{"count":1,"href":"https:\/\/annatorello.com\/es\/wp-json\/wp\/v2\/pages\/1292\/revisions"}],"predecessor-version":[{"id":1293,"href":"https:\/\/annatorello.com\/es\/wp-json\/wp\/v2\/pages\/1292\/revisions\/1293"}],"wp:attachment":[{"href":"https:\/\/annatorello.com\/es\/wp-json\/wp\/v2\/media?parent=1292"}],"curies":[{"name":"wp","href":"https:\/\/api.w.org\/{rel}","templated":true}]}}