{"id":1287,"date":"2026-03-12T02:26:29","date_gmt":"2026-03-12T02:26:29","guid":{"rendered":"https:\/\/annatorello.com\/home\/"},"modified":"2026-04-16T14:06:49","modified_gmt":"2026-04-16T14:06:49","slug":"home","status":"publish","type":"page","link":"https:\/\/annatorello.com\/es\/","title":{"rendered":"Home"},"content":{"rendered":"\t\t<div data-elementor-type=\"wp-post\" data-elementor-id=\"1287\" class=\"elementor elementor-1287 elementor-6\" data-elementor-post-type=\"page\">\n\t\t\t\t<div class=\"elementor-element elementor-element-b15dafd e-flex e-con-boxed e-con e-parent\" data-id=\"b15dafd\" data-element_type=\"container\" data-e-type=\"container\">\n\t\t\t\t\t<div class=\"e-con-inner\">\n\t\t<div class=\"elementor-element elementor-element-01bd459 e-con-full e-flex e-con e-child\" data-id=\"01bd459\" data-element_type=\"container\" data-e-type=\"container\" data-settings=\"{&quot;background_background&quot;:&quot;classic&quot;}\">\n\t\t\t\t<\/div>\n\t\t<div class=\"elementor-element elementor-element-ccf5310 e-con-full e-flex e-con e-child\" data-id=\"ccf5310\" data-element_type=\"container\" data-e-type=\"container\" data-settings=\"{&quot;background_background&quot;:&quot;classic&quot;}\">\n\t\t\t\t<div class=\"elementor-element elementor-element-11d97ed elementor-widget__width-initial elementor-invisible elementor-widget elementor-widget-text-editor\" data-id=\"11d97ed\" data-element_type=\"widget\" data-e-type=\"widget\" data-settings=\"{&quot;_animation&quot;:&quot;fadeIn&quot;}\" data-widget_type=\"text-editor.default\">\n\t\t\t\t\t\t\t\t\t<p><span style=\"font-weight: 400;\">Trabajo sobre los h\u00e1bitos alimentarios, ense\u00e1ndo a comer de una manera m\u00e1s equilibrada y sostenible a largo plazo.<br><\/span><\/p>\t\t\t\t\t\t\t\t<\/div>\n\t\t\t\t<div class=\"elementor-element elementor-element-f387552 elementor-align-center elementor-invisible elementor-widget elementor-widget-button\" data-id=\"f387552\" data-element_type=\"widget\" data-e-type=\"widget\" data-settings=\"{&quot;_animation&quot;:&quot;fadeIn&quot;}\" data-widget_type=\"button.default\">\n\t\t\t\t\t\t\t\t\t\t<a class=\"elementor-button elementor-button-link elementor-size-sm\" href=\"https:\/\/annatorello.com\/es\/servicios\/\">\n\t\t\t\t\t\t<span class=\"elementor-button-content-wrapper\">\n\t\t\t\t\t\t\t\t\t<span class=\"elementor-button-text\">M\u00c1S INFORMACI\u00d3N<\/span>\n\t\t\t\t\t<\/span>\n\t\t\t\t\t<\/a>\n\t\t\t\t\t\t\t\t<\/div>\n\t\t\t\t<\/div>\n\t\t\t\t\t<\/div>\n\t\t\t\t<\/div>\n\t\t<div class=\"elementor-element elementor-element-5dc8764 e-flex e-con-boxed e-con e-parent\" data-id=\"5dc8764\" data-element_type=\"container\" data-e-type=\"container\">\n\t\t\t\t\t<div class=\"e-con-inner\">\n\t\t\t\t<div class=\"elementor-element elementor-element-f4b5192 elementor-widget__width-initial elementor-widget elementor-widget-heading\" data-id=\"f4b5192\" data-element_type=\"widget\" data-e-type=\"widget\" data-settings=\"{&quot;motion_fx_motion_fx_scrolling&quot;:&quot;yes&quot;,&quot;motion_fx_translateY_effect&quot;:&quot;yes&quot;,&quot;motion_fx_translateY_speed&quot;:{&quot;unit&quot;:&quot;px&quot;,&quot;size&quot;:1,&quot;sizes&quot;:[]},&quot;motion_fx_translateY_affectedRange&quot;:{&quot;unit&quot;:&quot;%&quot;,&quot;size&quot;:&quot;&quot;,&quot;sizes&quot;:{&quot;start&quot;:0,&quot;end&quot;:100}},&quot;motion_fx_devices&quot;:[&quot;desktop&quot;,&quot;tablet&quot;,&quot;mobile&quot;]}\" data-widget_type=\"heading.default\">\n\t\t\t\t\t<h1 class=\"elementor-heading-title elementor-size-default\">Es importante disfrutar de la comida saludable<\/h1>\t\t\t\t<\/div>\n\t\t\t\t<div class=\"elementor-element elementor-element-14764b6 elementor-widget__width-initial elementor-widget-mobile__width-initial elementor-widget elementor-widget-image\" data-id=\"14764b6\" data-element_type=\"widget\" data-e-type=\"widget\" data-settings=\"{&quot;motion_fx_motion_fx_scrolling&quot;:&quot;yes&quot;,&quot;motion_fx_translateY_effect&quot;:&quot;yes&quot;,&quot;motion_fx_translateY_speed&quot;:{&quot;unit&quot;:&quot;px&quot;,&quot;size&quot;:1,&quot;sizes&quot;:[]},&quot;motion_fx_translateY_affectedRange&quot;:{&quot;unit&quot;:&quot;%&quot;,&quot;size&quot;:&quot;&quot;,&quot;sizes&quot;:{&quot;start&quot;:0,&quot;end&quot;:100}},&quot;motion_fx_devices&quot;:[&quot;desktop&quot;,&quot;tablet&quot;,&quot;mobile&quot;]}\" data-widget_type=\"image.default\">\n\t\t\t\t\t\t\t\t\t\t\t\t\t\t\t<img fetchpriority=\"high\" decoding=\"async\" width=\"1707\" height=\"2560\" src=\"https:\/\/annatorello.com\/wp-content\/uploads\/2026\/03\/SIAnna-57-scaled.jpg\" class=\"attachment-full size-full wp-image-1227\" alt=\"\" srcset=\"https:\/\/annatorello.com\/wp-content\/uploads\/2026\/03\/SIAnna-57-scaled.jpg 1707w, https:\/\/annatorello.com\/wp-content\/uploads\/2026\/03\/SIAnna-57-200x300.jpg 200w, https:\/\/annatorello.com\/wp-content\/uploads\/2026\/03\/SIAnna-57-683x1024.jpg 683w, https:\/\/annatorello.com\/wp-content\/uploads\/2026\/03\/SIAnna-57-768x1152.jpg 768w, https:\/\/annatorello.com\/wp-content\/uploads\/2026\/03\/SIAnna-57-1024x1536.jpg 1024w, https:\/\/annatorello.com\/wp-content\/uploads\/2026\/03\/SIAnna-57-1365x2048.jpg 1365w\" sizes=\"(max-width: 1707px) 100vw, 1707px\" \/>\t\t\t\t\t\t\t\t\t\t\t\t\t\t\t<\/div>\n\t\t\t\t<div class=\"elementor-element elementor-element-bf96234 elementor-widget__width-initial elementor-invisible elementor-widget elementor-widget-text-editor\" data-id=\"bf96234\" data-element_type=\"widget\" data-e-type=\"widget\" data-settings=\"{&quot;_animation&quot;:&quot;fadeIn&quot;,&quot;motion_fx_motion_fx_scrolling&quot;:&quot;yes&quot;,&quot;motion_fx_translateY_effect&quot;:&quot;yes&quot;,&quot;motion_fx_translateY_speed&quot;:{&quot;unit&quot;:&quot;px&quot;,&quot;size&quot;:1,&quot;sizes&quot;:[]},&quot;motion_fx_translateY_affectedRange&quot;:{&quot;unit&quot;:&quot;%&quot;,&quot;size&quot;:&quot;&quot;,&quot;sizes&quot;:{&quot;start&quot;:0,&quot;end&quot;:100}},&quot;motion_fx_devices&quot;:[&quot;desktop&quot;,&quot;tablet&quot;,&quot;mobile&quot;]}\" data-widget_type=\"text-editor.default\">\n\t\t\t\t\t\t\t\t\t<p><span style=\"font-weight: 400;\">No debemos relacionar una alimentaci\u00f3n saludable y equilibrada con algo complicado; simplemente necesitamos organizaci\u00f3n y log\u00edstica, y en 10 minutos podemos tener la comida lista.<\/span><\/p>\t\t\t\t\t\t\t\t<\/div>\n\t\t\t\t<div class=\"elementor-element elementor-element-3bbd02a elementor-align-center elementor-invisible elementor-widget elementor-widget-button\" data-id=\"3bbd02a\" data-element_type=\"widget\" data-e-type=\"widget\" data-settings=\"{&quot;_animation&quot;:&quot;fadeIn&quot;,&quot;motion_fx_motion_fx_scrolling&quot;:&quot;yes&quot;,&quot;motion_fx_translateY_effect&quot;:&quot;yes&quot;,&quot;motion_fx_translateY_speed&quot;:{&quot;unit&quot;:&quot;px&quot;,&quot;size&quot;:1,&quot;sizes&quot;:[]},&quot;motion_fx_translateY_affectedRange&quot;:{&quot;unit&quot;:&quot;%&quot;,&quot;size&quot;:&quot;&quot;,&quot;sizes&quot;:{&quot;start&quot;:0,&quot;end&quot;:100}},&quot;motion_fx_devices&quot;:[&quot;desktop&quot;,&quot;tablet&quot;,&quot;mobile&quot;]}\" data-widget_type=\"button.default\">\n\t\t\t\t\t\t\t\t\t\t<a class=\"elementor-button elementor-button-link elementor-size-sm\" href=\"https:\/\/annatorello.com\/es\/servicios\/\">\n\t\t\t\t\t\t<span class=\"elementor-button-content-wrapper\">\n\t\t\t\t\t\t\t\t\t<span class=\"elementor-button-text\">SERVICIOS<\/span>\n\t\t\t\t\t<\/span>\n\t\t\t\t\t<\/a>\n\t\t\t\t\t\t\t\t<\/div>\n\t\t\t\t\t<\/div>\n\t\t\t\t<\/div>\n\t\t\t\t<\/div>\n\t\t","protected":false},"excerpt":{"rendered":"<p>Trabajo sobre los h\u00e1bitos alimentarios, ense\u00e1ndo a comer de una manera m\u00e1s equilibrada y sostenible a largo plazo. M\u00c1S INFORMACI\u00d3N Es importante disfrutar de la comida saludable No debemos relacionar una alimentaci\u00f3n saludable y equilibrada con algo complicado; simplemente necesitamos organizaci\u00f3n y log\u00edstica, y en 10 minutos podemos tener la comida lista. SERVICIOS<\/p>\n","protected":false},"author":1,"featured_media":0,"parent":0,"menu_order":0,"comment_status":"closed","ping_status":"closed","template":"","meta":{"footnotes":""},"class_list":["post-1287","page","type-page","status-publish","hentry"],"yoast_head":"<!-- This site is optimized with the Yoast SEO plugin v27.4 - https:\/\/yoast.com\/product\/yoast-seo-wordpress\/ -->\n<title>Home - The Happy Avocado<\/title>\n<meta name=\"robots\" content=\"index, follow, max-snippet:-1, max-image-preview:large, max-video-preview:-1\" \/>\n<link rel=\"canonical\" href=\"https:\/\/annatorello.com\/es\/\" \/>\n<meta property=\"og:locale\" content=\"es_ES\" \/>\n<meta property=\"og:type\" content=\"article\" \/>\n<meta property=\"og:title\" content=\"Home - The Happy Avocado\" \/>\n<meta property=\"og:description\" content=\"Trabajo sobre los h\u00e1bitos alimentarios, ense\u00e1ndo a comer de una manera m\u00e1s equilibrada y sostenible a largo plazo. M\u00c1S INFORMACI\u00d3N Es importante disfrutar de la comida saludable No debemos relacionar una alimentaci\u00f3n saludable y equilibrada con algo complicado; simplemente necesitamos organizaci\u00f3n y log\u00edstica, y en 10 minutos podemos tener la comida lista. SERVICIOS\" \/>\n<meta property=\"og:url\" content=\"https:\/\/annatorello.com\/es\/\" \/>\n<meta property=\"og:site_name\" content=\"The Happy Avocado\" \/>\n<meta property=\"article:modified_time\" content=\"2026-04-16T14:06:49+00:00\" \/>\n<meta property=\"og:image\" content=\"https:\/\/annatorello.com\/wp-content\/uploads\/2026\/03\/SIAnna-57-scaled.jpg\" \/>\n\t<meta property=\"og:image:width\" content=\"1707\" \/>\n\t<meta property=\"og:image:height\" content=\"2560\" \/>\n\t<meta property=\"og:image:type\" content=\"image\/jpeg\" \/>\n<meta name=\"twitter:card\" content=\"summary_large_image\" \/>\n<script type=\"application\/ld+json\" class=\"yoast-schema-graph\">{\"@context\":\"https:\\\/\\\/schema.org\",\"@graph\":[{\"@type\":\"WebPage\",\"@id\":\"https:\\\/\\\/annatorello.com\\\/es\\\/\",\"url\":\"https:\\\/\\\/annatorello.com\\\/es\\\/\",\"name\":\"Home - The Happy Avocado\",\"isPartOf\":{\"@id\":\"https:\\\/\\\/annatorello.com\\\/es\\\/#website\"},\"primaryImageOfPage\":{\"@id\":\"https:\\\/\\\/annatorello.com\\\/es\\\/#primaryimage\"},\"image\":{\"@id\":\"https:\\\/\\\/annatorello.com\\\/es\\\/#primaryimage\"},\"thumbnailUrl\":\"https:\\\/\\\/annatorello.com\\\/wp-content\\\/uploads\\\/2026\\\/03\\\/SIAnna-57-scaled.jpg\",\"datePublished\":\"2026-03-12T02:26:29+00:00\",\"dateModified\":\"2026-04-16T14:06:49+00:00\",\"breadcrumb\":{\"@id\":\"https:\\\/\\\/annatorello.com\\\/es\\\/#breadcrumb\"},\"inLanguage\":\"es\",\"potentialAction\":[{\"@type\":\"ReadAction\",\"target\":[\"https:\\\/\\\/annatorello.com\\\/es\\\/\"]}]},{\"@type\":\"ImageObject\",\"inLanguage\":\"es\",\"@id\":\"https:\\\/\\\/annatorello.com\\\/es\\\/#primaryimage\",\"url\":\"https:\\\/\\\/annatorello.com\\\/wp-content\\\/uploads\\\/2026\\\/03\\\/SIAnna-57-scaled.jpg\",\"contentUrl\":\"https:\\\/\\\/annatorello.com\\\/wp-content\\\/uploads\\\/2026\\\/03\\\/SIAnna-57-scaled.jpg\"},{\"@type\":\"BreadcrumbList\",\"@id\":\"https:\\\/\\\/annatorello.com\\\/es\\\/#breadcrumb\",\"itemListElement\":[{\"@type\":\"ListItem\",\"position\":1,\"name\":\"Home\",\"item\":\"https:\\\/\\\/annatorello.com\\\/es\\\/home\\\/\"},{\"@type\":\"ListItem\",\"position\":2,\"name\":\"Home\"}]},{\"@type\":\"WebSite\",\"@id\":\"https:\\\/\\\/annatorello.com\\\/es\\\/#website\",\"url\":\"https:\\\/\\\/annatorello.com\\\/es\\\/\",\"name\":\"The Happy Avocado\",\"description\":\"\",\"publisher\":{\"@id\":\"https:\\\/\\\/annatorello.com\\\/es\\\/#organization\"},\"potentialAction\":[{\"@type\":\"SearchAction\",\"target\":{\"@type\":\"EntryPoint\",\"urlTemplate\":\"https:\\\/\\\/annatorello.com\\\/es\\\/?s={search_term_string}\"},\"query-input\":{\"@type\":\"PropertyValueSpecification\",\"valueRequired\":true,\"valueName\":\"search_term_string\"}}],\"inLanguage\":\"es\"},{\"@type\":\"Organization\",\"@id\":\"https:\\\/\\\/annatorello.com\\\/es\\\/#organization\",\"name\":\"The Happy Avocado\",\"url\":\"https:\\\/\\\/annatorello.com\\\/es\\\/\",\"logo\":{\"@type\":\"ImageObject\",\"inLanguage\":\"es\",\"@id\":\"https:\\\/\\\/annatorello.com\\\/es\\\/#\\\/schema\\\/logo\\\/image\\\/\",\"url\":\"https:\\\/\\\/annatorello.com\\\/wp-content\\\/uploads\\\/2026\\\/03\\\/Anna-Torello.svg\",\"contentUrl\":\"https:\\\/\\\/annatorello.com\\\/wp-content\\\/uploads\\\/2026\\\/03\\\/Anna-Torello.svg\",\"width\":126,\"height\":15,\"caption\":\"The Happy Avocado\"},\"image\":{\"@id\":\"https:\\\/\\\/annatorello.com\\\/es\\\/#\\\/schema\\\/logo\\\/image\\\/\"}}]}<\/script>\n<!-- \/ Yoast SEO plugin. -->","yoast_head_json":{"title":"Home - The Happy Avocado","robots":{"index":"index","follow":"follow","max-snippet":"max-snippet:-1","max-image-preview":"max-image-preview:large","max-video-preview":"max-video-preview:-1"},"canonical":"https:\/\/annatorello.com\/es\/","og_locale":"es_ES","og_type":"article","og_title":"Home - The Happy Avocado","og_description":"Trabajo sobre los h\u00e1bitos alimentarios, ense\u00e1ndo a comer de una manera m\u00e1s equilibrada y sostenible a largo plazo. M\u00c1S INFORMACI\u00d3N Es importante disfrutar de la comida saludable No debemos relacionar una alimentaci\u00f3n saludable y equilibrada con algo complicado; simplemente necesitamos organizaci\u00f3n y log\u00edstica, y en 10 minutos podemos tener la comida lista. SERVICIOS","og_url":"https:\/\/annatorello.com\/es\/","og_site_name":"The Happy Avocado","article_modified_time":"2026-04-16T14:06:49+00:00","og_image":[{"width":1707,"height":2560,"url":"https:\/\/annatorello.com\/wp-content\/uploads\/2026\/03\/SIAnna-57-scaled.jpg","type":"image\/jpeg"}],"twitter_card":"summary_large_image","schema":{"@context":"https:\/\/schema.org","@graph":[{"@type":"WebPage","@id":"https:\/\/annatorello.com\/es\/","url":"https:\/\/annatorello.com\/es\/","name":"Home - The Happy Avocado","isPartOf":{"@id":"https:\/\/annatorello.com\/es\/#website"},"primaryImageOfPage":{"@id":"https:\/\/annatorello.com\/es\/#primaryimage"},"image":{"@id":"https:\/\/annatorello.com\/es\/#primaryimage"},"thumbnailUrl":"https:\/\/annatorello.com\/wp-content\/uploads\/2026\/03\/SIAnna-57-scaled.jpg","datePublished":"2026-03-12T02:26:29+00:00","dateModified":"2026-04-16T14:06:49+00:00","breadcrumb":{"@id":"https:\/\/annatorello.com\/es\/#breadcrumb"},"inLanguage":"es","potentialAction":[{"@type":"ReadAction","target":["https:\/\/annatorello.com\/es\/"]}]},{"@type":"ImageObject","inLanguage":"es","@id":"https:\/\/annatorello.com\/es\/#primaryimage","url":"https:\/\/annatorello.com\/wp-content\/uploads\/2026\/03\/SIAnna-57-scaled.jpg","contentUrl":"https:\/\/annatorello.com\/wp-content\/uploads\/2026\/03\/SIAnna-57-scaled.jpg"},{"@type":"BreadcrumbList","@id":"https:\/\/annatorello.com\/es\/#breadcrumb","itemListElement":[{"@type":"ListItem","position":1,"name":"Home","item":"https:\/\/annatorello.com\/es\/home\/"},{"@type":"ListItem","position":2,"name":"Home"}]},{"@type":"WebSite","@id":"https:\/\/annatorello.com\/es\/#website","url":"https:\/\/annatorello.com\/es\/","name":"The Happy Avocado","description":"","publisher":{"@id":"https:\/\/annatorello.com\/es\/#organization"},"potentialAction":[{"@type":"SearchAction","target":{"@type":"EntryPoint","urlTemplate":"https:\/\/annatorello.com\/es\/?s={search_term_string}"},"query-input":{"@type":"PropertyValueSpecification","valueRequired":true,"valueName":"search_term_string"}}],"inLanguage":"es"},{"@type":"Organization","@id":"https:\/\/annatorello.com\/es\/#organization","name":"The Happy Avocado","url":"https:\/\/annatorello.com\/es\/","logo":{"@type":"ImageObject","inLanguage":"es","@id":"https:\/\/annatorello.com\/es\/#\/schema\/logo\/image\/","url":"https:\/\/annatorello.com\/wp-content\/uploads\/2026\/03\/Anna-Torello.svg","contentUrl":"https:\/\/annatorello.com\/wp-content\/uploads\/2026\/03\/Anna-Torello.svg","width":126,"height":15,"caption":"The Happy Avocado"},"image":{"@id":"https:\/\/annatorello.com\/es\/#\/schema\/logo\/image\/"}}]}},"_links":{"self":[{"href":"https:\/\/annatorello.com\/es\/wp-json\/wp\/v2\/pages\/1287","targetHints":{"allow":["GET"]}}],"collection":[{"href":"https:\/\/annatorello.com\/es\/wp-json\/wp\/v2\/pages"}],"about":[{"href":"https:\/\/annatorello.com\/es\/wp-json\/wp\/v2\/types\/page"}],"author":[{"embeddable":true,"href":"https:\/\/annatorello.com\/es\/wp-json\/wp\/v2\/users\/1"}],"replies":[{"embeddable":true,"href":"https:\/\/annatorello.com\/es\/wp-json\/wp\/v2\/comments?post=1287"}],"version-history":[{"count":3,"href":"https:\/\/annatorello.com\/es\/wp-json\/wp\/v2\/pages\/1287\/revisions"}],"predecessor-version":[{"id":1356,"href":"https:\/\/annatorello.com\/es\/wp-json\/wp\/v2\/pages\/1287\/revisions\/1356"}],"wp:attachment":[{"href":"https:\/\/annatorello.com\/es\/wp-json\/wp\/v2\/media?parent=1287"}],"curies":[{"name":"wp","href":"https:\/\/api.w.org\/{rel}","templated":true}]}}